{"id":593,"date":"2020-03-08T09:53:07","date_gmt":"2020-03-08T09:53:07","guid":{"rendered":"http:\/\/kkpoldies.de\/?page_id=593"},"modified":"2025-12-01T15:35:09","modified_gmt":"2025-12-01T15:35:09","slug":"bildergalerie-2","status":"publish","type":"page","link":"https:\/\/kkpoldies.de\/?page_id=593","title":{"rendered":"Bildergalerie"},"content":{"rendered":"\n<h4 class=\"wp-block-heading has-text-align-center\"><strong>Themen\u00fcbersicht<\/strong><\/h4>\n\n\n\n<h4 class=\"wp-block-heading has-text-align-center\"> Zur weiteren Information bitte unten aufgef\u00fchrte &#8222;Buttons&#8220; (PDF-Datei) anklicken  <\/h4>\n\n\n\n<div class=\"wp-block-media-text alignwide is-stacked-on-mobile\" style=\"grid-template-columns:34% auto\"><figure class=\"wp-block-media-text__media\"><img loading=\"lazy\" decoding=\"async\" width=\"380\" height=\"252\" src=\"http:\/\/kkpoldies.de\/wp-content\/uploads\/2022\/12\/Sommerfest_AdobeStock-380x252-1.jpeg\" alt=\"\" class=\"wp-image-1181 size-full\" srcset=\"https:\/\/kkpoldies.de\/wp-content\/uploads\/2022\/12\/Sommerfest_AdobeStock-380x252-1.jpeg 380w, https:\/\/kkpoldies.de\/wp-content\/uploads\/2022\/12\/Sommerfest_AdobeStock-380x252-1-300x199.jpeg 300w\" sizes=\"auto, (max-width: 380px) 100vw, 380px\" \/><\/figure><div class=\"wp-block-media-text__content\">\n<p class=\"has-text-align-center has-large-font-size\"><strong>Sommerfest<\/strong> <strong>(Bilder)<\/strong><\/p>\n<\/div><\/div>\n\n\n\n<h2 class=\"wp-block-heading\"><\/h2>\n\n\n\n<h4 class=\"wp-block-heading has-text-align-center\">Liste der Bilder<\/h4>\n\n\n\n<ul class=\"wp-block-list\">\n<li><\/li>\n<\/ul>\n\n\n\n<div class=\"wp-block-file aligncenter\"><a id=\"wp-block-file--media-48f3bc7f-4f26-4507-b4e4-056c9217bc25\" href=\"https:\/\/kkpoldies.de\/wp-content\/uploads\/2025\/09\/Sommerfest_2025_Teil1-1.pdf\" target=\"_blank\" rel=\"noreferrer noopener\"><strong>Sommerfest 2025 Teil1 Bildergalerie (PDF-Datei)<\/strong><\/a><\/div>\n\n\n\n<div class=\"wp-block-file aligncenter\"><a id=\"wp-block-file--media-2bcd2518-8976-4c8b-aced-90992b8d8032\" href=\"https:\/\/kkpoldies.de\/wp-content\/uploads\/2025\/09\/Sommerfest_2025_Teil2-1.pdf\" target=\"_blank\" rel=\"noreferrer noopener\"><strong>Sommerfest 2025 Teil2 Bildergalerie (PDF-Datei)<\/strong><\/a><\/div>\n\n\n\n<div class=\"wp-block-file aligncenter\"><a id=\"wp-block-file--media-591be938-a38d-4bb0-b264-bd18ca7897cf\" href=\"http:\/\/kkpoldies.de\/wp-content\/uploads\/2024\/09\/Sommerfest2024_Bilder.pdf\"><strong>Sommerfest2024_Bildergalerie (PDF-Datei)<\/strong><\/a><\/div>\n\n\n\n<div class=\"wp-block-file aligncenter\"><a id=\"wp-block-file--media-1c6d3d43-48db-44cf-9c66-d971ad373e33\" href=\"http:\/\/kkpoldies.de\/wp-content\/uploads\/2023\/08\/KKPOldies_Sommerfest_2023_Bildergalerie.pdf\"><strong>Sommerfest 2023 Bildergalerie (PDF-Datei)<\/strong><\/a><\/div>\n\n\n\n<div class=\"wp-block-file aligncenter\"><a id=\"wp-block-file--media-acc8c099-9b3d-4e5d-9c72-11280b201162\" href=\"http:\/\/kkpoldies.de\/wp-content\/uploads\/2022\/12\/2022_Sommerfest_Bildergalerie-Vneu.pdf\"><strong>Sommerfest 2022 Bildergalerie (PDF-Datei)<\/strong><\/a><\/div>\n\n\n\n<p class=\"has-text-align-center\"><\/p>\n\n\n\n<h2 class=\"wp-block-heading\"><\/h2>\n\n\n\n<div class=\"wp-block-media-text alignwide is-stacked-on-mobile\" style=\"grid-template-columns:40% auto\"><figure class=\"wp-block-media-text__media\"><img loading=\"lazy\" decoding=\"async\" width=\"529\" height=\"478\" src=\"http:\/\/kkpoldies.de\/wp-content\/uploads\/2021\/02\/Bild-Weihnachtsbaum.jpg\" alt=\"\" class=\"wp-image-870 size-full\" srcset=\"https:\/\/kkpoldies.de\/wp-content\/uploads\/2021\/02\/Bild-Weihnachtsbaum.jpg 529w, https:\/\/kkpoldies.de\/wp-content\/uploads\/2021\/02\/Bild-Weihnachtsbaum-300x271.jpg 300w\" sizes=\"auto, (max-width: 529px) 100vw, 529px\" \/><\/figure><div class=\"wp-block-media-text__content\">\n<p class=\"has-large-font-size\"><strong>Weihnachtsfeiern (Bilder)<\/strong><\/p>\n<\/div><\/div>\n\n\n\n<p><\/p>\n\n\n\n<div class=\"wp-block-file aligncenter\"><a id=\"wp-block-file--media-688741cc-893c-454e-9c2f-c43e3888225a\" href=\"http:\/\/kkpoldies.de\/wp-content\/uploads\/2021\/02\/Weihnachtsfeier-2019.pdf\">Weihnachtsfeier 2019<\/a><\/div>\n\n\n\n<div class=\"wp-block-file aligncenter\"><a id=\"wp-block-file--media-a797d297-afe2-4571-b9fd-52f2611a1bb5\" href=\"http:\/\/kkpoldies.de\/wp-content\/uploads\/2021\/02\/Weihnachtsfeier-2018-2.pdf\">Weihnachtsfeier 2018<\/a><\/div>\n\n\n\n<div class=\"wp-block-file aligncenter\"><a id=\"wp-block-file--media-fcafdb66-8cc5-4281-acc8-f1710f0e918e\" href=\"http:\/\/kkpoldies.de\/wp-content\/uploads\/2021\/02\/Weihnachtsfeier-2017.pdf\">Weihnachtsfeier 2017<\/a><\/div>\n\n\n\n<div class=\"wp-block-file aligncenter\"><a id=\"wp-block-file--media-a13bb2f1-762d-49d5-8bfa-1999e4a2f311\" href=\"http:\/\/kkpoldies.de\/wp-content\/uploads\/2021\/02\/Weihnachtsfeier-2016.pdf\">Weihnachtsfeier 2016<\/a><\/div>\n\n\n\n<div class=\"wp-block-file aligncenter\"><a id=\"wp-block-file--media-4cf87b91-7138-47b5-9835-a7612cc36b4a\" href=\"http:\/\/kkpoldies.de\/wp-content\/uploads\/2021\/02\/Weihnachtsfeier-2015.pdf\">Weihnachtsfeier 2015<\/a><\/div>\n\n\n\n<div class=\"wp-block-file aligncenter\"><a id=\"wp-block-file--media-bcdac1ad-4971-43f2-8d0e-f7baf248847b\" href=\"http:\/\/kkpoldies.de\/wp-content\/uploads\/2021\/02\/Weihnachtsfeier-2014.pdf\">Weihnachtsfeier 2014<\/a><\/div>\n\n\n\n<div class=\"wp-block-file aligncenter\"><a id=\"wp-block-file--media-cf0e1cbd-5882-4dee-be78-0a07cbbfcd0f\" href=\"http:\/\/kkpoldies.de\/wp-content\/uploads\/2021\/02\/Weihnachtsfeier-2013.pdf\">Weihnachtsfeier 2013<\/a><\/div>\n\n\n\n<div class=\"wp-block-file aligncenter\"><a id=\"wp-block-file--media-1af2c6e7-618d-4d28-9980-d948d0e82045\" href=\"http:\/\/kkpoldies.de\/wp-content\/uploads\/2021\/02\/Weihnachtsfeier-2012.pdf\">Weihnachtsfeier 2012<\/a><\/div>\n\n\n\n<div class=\"wp-block-file aligncenter\"><a id=\"wp-block-file--media-91c5a973-dcee-4e04-8e6e-f5b2041716ad\" href=\"http:\/\/kkpoldies.de\/wp-content\/uploads\/2021\/02\/Weihnachtsfeier-2011.pdf\">Weihnachtsfeier 2011<\/a><\/div>\n\n\n\n<div class=\"wp-block-media-text alignwide is-stacked-on-mobile\"><figure class=\"wp-block-media-text__media\"><img loading=\"lazy\" decoding=\"async\" width=\"338\" height=\"338\" src=\"http:\/\/kkpoldies.de\/wp-content\/uploads\/2021\/02\/Bild-Ausflug.jpg\" alt=\"\" class=\"wp-image-873 size-full\" srcset=\"https:\/\/kkpoldies.de\/wp-content\/uploads\/2021\/02\/Bild-Ausflug.jpg 338w, https:\/\/kkpoldies.de\/wp-content\/uploads\/2021\/02\/Bild-Ausflug-300x300.jpg 300w, https:\/\/kkpoldies.de\/wp-content\/uploads\/2021\/02\/Bild-Ausflug-150x150.jpg 150w\" sizes=\"auto, (max-width: 338px) 100vw, 338px\" \/><\/figure><div class=\"wp-block-media-text__content\">\n<p class=\"has-large-font-size\"><strong>Ausfl\u00fcge (Bilder)<\/strong><\/p>\n<\/div><\/div>\n\n\n\n<h2 class=\"wp-block-heading has-text-align-left\"><\/h2>\n\n\n\n<h2 class=\"wp-block-heading\"><strong>2025<\/strong><\/h2>\n\n\n\n<div class=\"wp-block-file alignleft\"><a id=\"wp-block-file--media-05d3a30e-74c9-4227-991d-dd64a7d6cd20\" href=\"https:\/\/kkpoldies.de\/wp-content\/uploads\/2025\/11\/BundesanstaltfuerWasserbau_20251109.pdf\"><strong>Bundesanstalt fuer Wasserbau 09.112025<\/strong><\/a><\/div>\n\n\n\n<ul class=\"wp-block-list\">\n<li><\/li>\n<\/ul>\n\n\n\n<div class=\"wp-block-file\"><a id=\"wp-block-file--media-62f60c0a-6ad9-4117-98bd-51e863d58465\" href=\"https:\/\/kkpoldies.de\/wp-content\/uploads\/2025\/10\/Fahrradausflug_Wissembourg_20290910-1.pdf\" target=\"_blank\" rel=\"noreferrer noopener\"><strong>Fahrradausflug Wissembourg 10.09.2029<\/strong><\/a><\/div>\n\n\n\n<ul class=\"wp-block-list\"><\/ul>\n\n\n\n<h2 class=\"wp-block-heading has-text-align-left\"><strong>2024<\/strong><\/h2>\n\n\n\n<div class=\"wp-block-file\"><a id=\"wp-block-file--media-a96ed4ab-2e9b-4bfd-bcbb-b1e2cc9b2aad\" href=\"http:\/\/kkpoldies.de\/wp-content\/uploads\/2024\/05\/Forbach2024_PDF.pdf\" target=\"_blank\" rel=\"noreferrer noopener\"><strong>Forbach Besichtigung Pumpspeicherkraftwerk 25.4.2024<\/strong><\/a><\/div>\n\n\n\n<div class=\"wp-block-file\"><a id=\"wp-block-file--media-5737df4e-d3f3-45ca-a678-9fbd40de9e4c\" href=\"http:\/\/kkpoldies.de\/wp-content\/uploads\/2024\/03\/Germersheim_Ratzel_20240222.pdf\"><strong>Germersheim Stadt-und Festungsf\u00fchrung 22.02.2024<\/strong><\/a><\/div>\n\n\n\n<h2 class=\"wp-block-heading\"><strong>2023<\/strong><\/h2>\n\n\n\n<div class=\"wp-block-group\"><div class=\"wp-block-group__inner-container is-layout-constrained wp-block-group-is-layout-constrained\">\n<div class=\"wp-block-file\"><a id=\"wp-block-file--media-ff6ec1fc-c64d-4fc0-b35e-283cf3f1bbd9\" href=\"http:\/\/kkpoldies.de\/wp-content\/uploads\/2023\/11\/Geothermie_Soder_20231017.pdf\"><strong>Geothermie Graben-Neudorf 17.10.2023<\/strong><\/a><\/div>\n<\/div><\/div>\n\n\n\n<div class=\"wp-block-file\"><a id=\"wp-block-file--media-5baf91bb-36f7-4328-b555-02ed8d7d050e\" href=\"http:\/\/kkpoldies.de\/wp-content\/uploads\/2023\/10\/Marbach_Hengstparade_20231003.pdf\"><strong>Marbach Hengstparade 03.10.2023<\/strong><\/a><\/div>\n\n\n\n<div class=\"wp-block-file\"><a id=\"wp-block-file--media-96171cab-3a58-46ce-aedf-b5a35f8c35bf\" href=\"http:\/\/kkpoldies.de\/wp-content\/uploads\/2023\/09\/Hafenrundfahrt_Mannheim_20230913_V1.pdf\"><strong>Hafenrundfahrt Mannheim 13.09.2023<\/strong><\/a><\/div>\n\n\n\n<div class=\"wp-block-file alignleft\"><a id=\"wp-block-file--media-f664b257-64cd-49f4-85e3-a81fa320c5da\" href=\"http:\/\/kkpoldies.de\/wp-content\/uploads\/2023\/03\/Wanderung_Madenburg_20230323-1.pdf\"><strong>Wanderung Pf\u00e4lzerwald Madenburg 23.3.2023<\/strong><\/a><\/div>\n\n\n\n<ul class=\"wp-block-list\">\n<li><\/li>\n<\/ul>\n\n\n\n<h2 class=\"wp-block-heading\"><strong>2022<\/strong><\/h2>\n\n\n\n<div class=\"wp-block-file\"><a id=\"wp-block-file--media-bf3ca35b-5ed4-42db-8fea-3d59449f3cb7\" href=\"http:\/\/kkpoldies.de\/wp-content\/uploads\/2022\/11\/WanderungPfaelzerwald-20221026.pdf\"><strong>Wanderung Pfaelzerwald 26.10.2022<\/strong><\/a><\/div>\n\n\n\n<div class=\"wp-block-file\"><a id=\"wp-block-file--media-e69cd03c-76ae-478b-9160-86ccb7b25ce4\" href=\"http:\/\/kkpoldies.de\/wp-content\/uploads\/2022\/10\/02_Bruchsal_Stadtfuehrung_20220920.pdf\"><strong>Bruchsal Stadtfuehrung 20.09.2022<\/strong><\/a><\/div>\n\n\n\n<div class=\"wp-block-file\"><a id=\"wp-block-file--media-6d64b74a-1781-452a-b220-9e5042748b6d\" href=\"http:\/\/kkpoldies.de\/wp-content\/uploads\/2022\/09\/KKPOldies_Wanderung_Bruchweiler_20220831_Vneu2.pdf\"><strong>Wanderung Bruchweiler August 2022<\/strong><\/a><\/div>\n\n\n\n<div class=\"wp-block-file\"><a id=\"wp-block-file--media-17fa3472-9ea8-4c7f-8060-550f4d659e8f\" href=\"http:\/\/kkpoldies.de\/wp-content\/uploads\/2022\/09\/2022_Sommerfest_Bildergalerie-Vneu.pdf\"><strong>Sommerfest August 2022<\/strong><\/a><\/div>\n\n\n\n<div class=\"wp-block-file\"><a id=\"wp-block-file--media-02a966a0-3ec5-4969-94b7-0e5cba3dc073\" href=\"http:\/\/kkpoldies.de\/wp-content\/uploads\/2022\/07\/KKP_Konverter_20220718.pdf\"><strong>Konverterf\u00fchrung Philippsburg<\/strong><\/a><\/div>\n\n\n\n<div class=\"wp-block-group\"><div class=\"wp-block-group__inner-container is-layout-flow wp-block-group-is-layout-flow\">\n<h2 class=\"wp-block-heading\"><strong>2021<\/strong><\/h2>\n\n\n\n<div class=\"wp-block-file aligncenter\"><a id=\"wp-block-file--media-84f8b421-144a-4fca-b49f-2b10676fc7f0\" href=\"http:\/\/kkpoldies.de\/wp-content\/uploads\/2021\/08\/Mannheim_AKiefer_20210817-4.pdf\"><strong>Kunsthalle Mannheim Anselm Kiefer 17.08.2021<\/strong><\/a><\/div>\n<\/div><\/div>\n\n\n\n<h2 class=\"wp-block-heading\"><strong>2020<\/strong><\/h2>\n\n\n\n<div class=\"wp-block-group\"><div class=\"wp-block-group__inner-container is-layout-flow wp-block-group-is-layout-flow\">\n<div class=\"wp-block-file aligncenter\"><a id=\"wp-block-file--media-0733be73-a99b-4788-aba6-e59fcbae4a57\" href=\"http:\/\/kkpoldies.de\/wp-content\/uploads\/2020\/03\/Kunsthalle-Mannheim_1.jpg\"><strong>Kunsthalle Mannheim, Besichtigung 14.01.2020 (PDF-Datei<\/strong>)<\/a><\/div>\n\n\n\n<h2 class=\"wp-block-heading\"><strong>2019<\/strong><\/h2>\n\n\n\n<div class=\"wp-block-file aligncenter\"><a id=\"wp-block-file--media-d154ffc8-96b2-46d2-ab64-1e76a1d1e1ef\" href=\"http:\/\/kkpoldies.de\/wp-content\/uploads\/2020\/12\/01_AusflugHamburg.pdf\" target=\"_blank\" rel=\"noreferrer noopener\"><strong>Hamburg Bilder 2, Ausflug 11.10.2019 &#8211; 13.10.2019 (dauert ein wenig)<\/strong><\/a><\/div>\n\n\n\n<div class=\"wp-block-file aligncenter\"><a id=\"wp-block-file--media-450e63f9-4c62-4d0e-af69-6c4c5d2de009\" href=\"http:\/\/kkpoldies.de\/wp-content\/uploads\/2021\/02\/02_AusflugHamburg.pdf\"><strong>Hamburg Bilder 1, Ausflug 11.10.2019 &#8211; 13.10.2019 (dauert ein wenig)<\/strong><\/a><\/div>\n<\/div><\/div>\n\n\n\n<div class=\"wp-block-file aligncenter\"><a id=\"wp-block-file--media-9f501909-54fe-4b74-8c4e-903861035ffd\" href=\"http:\/\/kkpoldies.de\/wp-content\/uploads\/2020\/12\/01_Wendlingen_April_2019-1.pdf\" target=\"_blank\" rel=\"noreferrer noopener\"><strong>Wendlingen, Ausflug April 2019<\/strong> <strong>(dauert ein wenig)<\/strong><\/a><\/div>\n\n\n\n<div class=\"wp-block-file aligncenter\"><a id=\"wp-block-file--media-1e306e54-8e66-4ea2-ae4f-00480885a7ff\" href=\"http:\/\/kkpoldies.de\/wp-content\/uploads\/2021\/02\/Esslingen_2019.pdf\"><strong>Esslingen 2019<\/strong><\/a><\/div>\n\n\n\n<h2 class=\"wp-block-heading\"><strong>2018<\/strong><\/h2>\n\n\n\n<div class=\"wp-block-file aligncenter\"><a id=\"wp-block-file--media-bf831870-1d1e-445b-8269-5116c2389061\" href=\"http:\/\/kkpoldies.de\/wp-content\/uploads\/2021\/02\/Frankfurt_GeldundSenckenbergmuseumu_2018.pdf\"><strong>Frankfurt GeldundSenckenbergmuseum 2018<\/strong><\/a><\/div>\n\n\n\n<div class=\"wp-block-file aligncenter\"><a id=\"wp-block-file--media-41038c08-fb1e-4158-80ca-c2971ab84b53\" href=\"http:\/\/kkpoldies.de\/wp-content\/uploads\/2021\/02\/Werk_Daimler_Rastatt.pdf\"><strong>Werk Daimler Rastatt 2018<\/strong><\/a><\/div>\n\n\n\n<blockquote class=\"wp-block-quote is-layout-flow wp-block-quote-is-layout-flow\">\n<p><\/p>\n<\/blockquote>\n","protected":false},"excerpt":{"rendered":"<p>Themen\u00fcbersicht Zur weiteren Information bitte unten aufgef\u00fchrte &#8222;Buttons&#8220; (PDF-Datei) anklicken Sommerfest (Bilder) Liste der Bilder Weihnachtsfeiern (Bilder) Ausfl\u00fcge (Bilder) 2025 2024 2023 2022 2021 2020 2019 2018<\/p>\n","protected":false},"author":1,"featured_media":0,"parent":0,"menu_order":0,"comment_status":"closed","ping_status":"closed","template":"","meta":{"footnotes":""},"class_list":["post-593","page","type-page","status-publish","hentry"],"_links":{"self":[{"href":"https:\/\/kkpoldies.de\/index.php?rest_route=\/wp\/v2\/pages\/593","targetHints":{"allow":["GET"]}}],"collection":[{"href":"https:\/\/kkpoldies.de\/index.php?rest_route=\/wp\/v2\/pages"}],"about":[{"href":"https:\/\/kkpoldies.de\/index.php?rest_route=\/wp\/v2\/types\/page"}],"author":[{"embeddable":true,"href":"https:\/\/kkpoldies.de\/index.php?rest_route=\/wp\/v2\/users\/1"}],"replies":[{"embeddable":true,"href":"https:\/\/kkpoldies.de\/index.php?rest_route=%2Fwp%2Fv2%2Fcomments&post=593"}],"version-history":[{"count":45,"href":"https:\/\/kkpoldies.de\/index.php?rest_route=\/wp\/v2\/pages\/593\/revisions"}],"predecessor-version":[{"id":1559,"href":"https:\/\/kkpoldies.de\/index.php?rest_route=\/wp\/v2\/pages\/593\/revisions\/1559"}],"wp:attachment":[{"href":"https:\/\/kkpoldies.de\/index.php?rest_route=%2Fwp%2Fv2%2Fmedia&parent=593"}],"curies":[{"name":"wp","href":"https:\/\/api.w.org\/{rel}","templated":true}]}}